{"id":34,"date":"2014-02-24T00:11:14","date_gmt":"2014-02-24T00:11:14","guid":{"rendered":"http:\/\/www.uebersleben.net\/?page_id=34"},"modified":"2014-02-26T00:47:45","modified_gmt":"2014-02-26T00:47:45","slug":"impressum-haftungsausschluss-co","status":"publish","type":"page","link":"http:\/\/www.uebersleben.net\/?page_id=34","title":{"rendered":"Impressum"},"content":{"rendered":"<p><strong>Offenlegung gem\u00e4\u00df \u00a7 25 Mediengesetz:<\/strong><\/p>\n<p>Inhaber dieser Domain: M.Karner, Wien. Es handelt sich um eine private, unabh\u00e4ngige Homepage rund um das Thema Sterbe&#8221;hilfe&#8221; bzw. Hilfe zum Leben. Kein parteipolitischer oder kirchlich\/religi\u00f6ser Hintergrund. Geistig beheimatet sehe ich mich vor allem in der &#8220;Selbstbestimmtlebenbewegung behinderter Menschen&#8221; und ich trete f\u00fcr das bedingungslose Lebensrecht, eine volle Inklusion und gleichberechtigte Teilhabe von behinderten und\/oder kranken Menschen in unserer Gesellschaft ein.<\/p>\n<p>Email: <a href=\"http:\/\/www.uebersleben.net\/wp-content\/uploads\/2014\/02\/email.jpg\"><img loading=\"lazy\" class=\"alignnone size-full wp-image-29\" alt=\"email\" src=\"http:\/\/www.uebersleben.net\/wp-content\/uploads\/2014\/02\/email.jpg\" width=\"253\" height=\"25\" \/><\/a><\/p>\n<p>Homepage: www.uebersleben.net<\/p>\n<p>Haftungsausschluss:<\/p>\n<p>Diese Webseiten enthalten Links auf externe Webseiten Dritter. Auf die Inhalte dieser verlinkten Webseiten habe ich keinen Einfluss. F\u00fcr die Richtigkeit der Inhalte ist immer der jeweilige Anbieter oder Betreiber verantwortlich, weshalb diesbez\u00fcglich keinerlei Gew\u00e4hr \u00fcbernommen wird. Die fremden Webseiten wurden zum Zeitpunkt der Verlinkung auf m\u00f6gliche Rechtsverst\u00f6\u00dfe \u00fcberpr\u00fcft. Zum Zeitpunkt der Verlinkung waren keinerlei Rechtsverletzungen erkennbar. Eine st\u00e4ndige \u00dcberpr\u00fcfung s\u00e4mtlicher Inhalte der von diesen Seiten aus verlinkten Seiten ohne tats\u00e4chliche Anhaltspunkte f\u00fcr einen Rechtsversto\u00df kann ich nicht leisten. Falls mir Rechtsverletzungen bekannt werden, werden die entsprechenden Links unverz\u00fcglich entfernt.<\/p>\n<p>Wichtige Hinweise:<\/p>\n<p>Bei den verfassten Texten handelt es sich um meine private, pers\u00f6nliche Meinung. Diese beeinflusst nat\u00fcrlich auch meine Auswahl von Informationen, Literatur, Links u.\u00e4. Falls Sie sich durch Inhalte auf dieser Homepage in irgendeiner Weise angegriffen f\u00fchlen, dann verlassen Sie bitte diese Seite unverz\u00fcglich.<\/p>\n<p>Diese Seite ist auch kein Bestandteil oder Ersatz f\u00fcr eventuell notwendige \u00e4rztliche und\/oder therapeutische Behandlungen und Interventionen. In einer akuten Krise wenden Sie sich bitte zum Beispiel an die Telefonseelsorge (kostenloser Notruf 142, keine Vorwahl, 24 Stunden, Verschwiegenheit). Dazu und weitere wichtige Telefonnummern auf:\u00a0<a href=\"http:\/\/www.telefonseelsorge.at\/wien\/\">http:\/\/www.telefonseelsorge.at\/wien\/<\/a><\/p>\n<p>Die von mir verfassten Texte, Literatur- und Linksammlungen u.\u00e4. d\u00fcrfen ohne meine ausdr\u00fcckliche Zustimmung nicht von Dritten weiterkopiert und\/oder verwendet werden. Daf\u00fcr ist eine schriftliches Okay von mir notwendig. Bei Zitaten achten Sie bitte auf korrekte Quellenangabe.<\/p>\n<p>&nbsp;<\/p>\n<p>&nbsp;<\/p>\n","protected":false},"excerpt":{"rendered":"<p>Offenlegung gem\u00e4\u00df \u00a7 25 Mediengesetz: Inhaber dieser Domain: M.Karner, Wien. Es handelt sich um eine private, unabh\u00e4ngige Homepage rund um das Thema Sterbe&#8221;hilfe&#8221; bzw. Hilfe zum Leben. Kein parteipolitischer oder kirchlich\/religi\u00f6ser Hintergrund. Geistig beheimatet&#46;&#46;&#46;<\/p>\n","protected":false},"author":1,"featured_media":0,"parent":2,"menu_order":3,"comment_status":"closed","ping_status":"open","template":"","meta":[],"_links":{"self":[{"href":"http:\/\/www.uebersleben.net\/index.php?rest_route=\/wp\/v2\/pages\/34"}],"collection":[{"href":"http:\/\/www.uebersleben.net\/index.php?rest_route=\/wp\/v2\/pages"}],"about":[{"href":"http:\/\/www.uebersleben.net\/index.php?rest_route=\/wp\/v2\/types\/page"}],"author":[{"embeddable":true,"href":"http:\/\/www.uebersleben.net\/index.php?rest_route=\/wp\/v2\/users\/1"}],"replies":[{"embeddable":true,"href":"http:\/\/www.uebersleben.net\/index.php?rest_route=%2Fwp%2Fv2%2Fcomments&post=34"}],"version-history":[{"count":7,"href":"http:\/\/www.uebersleben.net\/index.php?rest_route=\/wp\/v2\/pages\/34\/revisions"}],"predecessor-version":[{"id":100,"href":"http:\/\/www.uebersleben.net\/index.php?rest_route=\/wp\/v2\/pages\/34\/revisions\/100"}],"up":[{"embeddable":true,"href":"http:\/\/www.uebersleben.net\/index.php?rest_route=\/wp\/v2\/pages\/2"}],"wp:attachment":[{"href":"http:\/\/www.uebersleben.net\/index.php?rest_route=%2Fwp%2Fv2%2Fmedia&parent=34"}],"curies":[{"name":"wp","href":"https:\/\/api.w.org\/{rel}","templated":true}]}}