{"id":41,"date":"2014-02-24T00:32:32","date_gmt":"2014-02-24T00:32:32","guid":{"rendered":"http:\/\/www.uebersleben.net\/?page_id=41"},"modified":"2016-10-06T14:18:36","modified_gmt":"2016-10-06T14:18:36","slug":"texte","status":"publish","type":"page","link":"https:\/\/www.uebersleben.net\/?page_id=41","title":{"rendered":"Meine Publikationen"},"content":{"rendered":"<p><strong>\u201eNebel im August\u201c. Eine Filmkritik.<\/strong><br \/>\nAm 6. Oktober 2016 startet ein neuer \u2013 beachtenswerter \u2013 Film in \u00d6sterreichs Kinos.<br \/>\nText: Mag. Marianne Karner. Datum: 6. Oktober 2016.<br \/>\n<a href=\"https:\/\/www.bizeps.or.at\/nebel-im-august-eine-filmkritik\/\">https:\/\/www.bizeps.or.at\/nebel-im-august-eine-filmkritik\/<\/a><\/p>\n<p><strong>Film \u201eEin ganzes halbes Jahr\u201c \u2013 Sterbehilfe trifft Hollywood<\/strong><br \/>\nDas Bild vom behinderten Menschen, das der Film zeichnet, ist mehr als problematisch. Eine Filmkritik.<br \/>\nText: Mag. Marianne Karner. Datum: 26. Juni 2016.<br \/>\n<a href=\"https:\/\/www.bizeps.or.at\/film-ein-ganzes-halbes-jahr-sterbehilfe-meets-hollywood\/\">https:\/\/www.bizeps.or.at\/film-ein-ganzes-halbes-jahr-sterbehilfe-meets-hollywood\/<\/a><\/p>\n<p><strong>Umstrittener Philosoph Peter Singer referiert in Wien!<\/strong><br \/>\nPeter Singer sorgt seit Jahrzehnten mit seinen oft provokanten Vergleichen und Abwertungstendenzen gegen\u00fcber behinderten Menschen bzw. behinderten Neugeborenen international f\u00fcr Negativschlagzeilen.<br \/>\nText: Mag. Marianne Karner. Datum: 16. Juni 2016.<br \/>\n<a href=\"https:\/\/www.bizeps.or.at\/umstrittener-philosoph-peter-singer-referiert-in-wien\/\">https:\/\/www.bizeps.or.at\/umstrittener-philosoph-peter-singer-referiert-in-wien\/<\/a><\/p>\n<p><strong>Geschwiegen, verdr\u00e4ngt, vergessen?<\/strong><br \/>\nPodiumsdiskussion im Parlament zur Ausstellung &#8220;Erfasst, verfolgt, vernichtet&#8221; und anl\u00e4sslich des Holocaust-Gedenktages. Ein Kommentar.<br \/>\nText: Mag. Marianne Karner. Datum: 2. Februar 2016.<br \/>\n<a href=\"https:\/\/www.bizeps.or.at\/geschwiegen-verdraengt-vergessen\/\">https:\/\/www.bizeps.or.at\/geschwiegen-verdraengt-vergessen\/<br \/>\n<\/a><br \/>\n<strong>Deutscher Bundestag: Keine gesch\u00e4ftsm\u00e4\u00dfige Selbstt\u00f6tung<\/strong><br \/>\n\u00dcber ein Jahr lang hatte sich der Deutsche Bundestag unter der \u00dcberschrift &#8220;Sterbebegleitung&#8221; auch mit dem gesellschaftlichen Tabu-Thema &#8220;Tod&#8221; und den schwierigen Fragen zur &#8220;Sterbehilfe&#8221; bzw. &#8220;Assistierten Selbstt\u00f6tung&#8221; besch\u00e4ftigt.<br \/>\nText: Mag. Marianne Karner. Datum: 7. November 2015.<br \/>\n<a href=\"https:\/\/www.bizeps.or.at\/deutscher-bundestag-keine-geschaeftsmaessige-selbsttoetung\/\">https:\/\/www.bizeps.or.at\/deutscher-bundestag-keine-geschaeftsmaessige-selbsttoetung\/<\/a><\/p>\n<p><strong>\u201eAssistierter Suizid\u201c in \u00d6sterreich?<\/strong><br \/>\nIm Parlamentarischen Justizausschuss wird im Rahmen des geplanten Strafrechts\u00e4nderungsgesetzes 2015 \u00fcber die Straffreiheit von assistiertem Suizid durch &#8220;Diversion&#8221; nachgedacht. Bis dato ist die \u00d6ffentlichkeit dar\u00fcber noch nicht informiert worden.<br \/>\nText: Mag. Marianne Karner. Datum: 3. Mai 2015.<br \/>\n<a href=\"https:\/\/www.bizeps.or.at\/assistierter-suizid-in-oesterreich\/\">https:\/\/www.bizeps.or.at\/assistierter-suizid-in-oesterreich\/<\/a><\/p>\n<p><strong>\u201eDer Tod ist eine ernste Sache\u201c (Loriot)<\/strong><br \/>\nAm 3. M\u00e4rz 2015 lud der Vorsitz der Parlamentarischen Enquete-Kommission &#8220;W\u00fcrde am Ende des Lebens&#8221; unter dem Motto &#8220;Bericht und Empfehlungen&#8221; zu einer Pressekonferenz ein.<br \/>\nText: Mag. Marianne Karner. Datum: 4. M\u00e4rz 2015.<br \/>\n<a href=\"https:\/\/www.bizeps.or.at\/der-tod-ist-eine-ernste-sache-loriot\/\">https:\/\/www.bizeps.or.at\/der-tod-ist-eine-ernste-sache-loriot\/<\/a><\/p>\n<p><strong>Deutscher Ethikrat: Empfehlung zur Regelung der Suizidbeihilfe<\/strong><br \/>\nIn unserem Nachbarland hat die \u00f6ffentliche Debatte zum Thema &#8220;Sterbehilfe&#8221; \u00fcber die Feiertage eine kurze Pause eingelegt. Doch knapp vor Weihnachten meldete sich noch der Deutsche Ethikrat mit einer Ad-hoc-Empfehlung zu Wort. Ein Kommentar.<br \/>\nText: Mag. Marianne Karner. Datum: 7. J\u00e4nner 2015.<br \/>\n<a href=\"https:\/\/www.bizeps.or.at\/deutscher-ethikrat-empfehlung-zur-regelung-der-suizidbeihilfe\/\">https:\/\/www.bizeps.or.at\/deutscher-ethikrat-empfehlung-zur-regelung-der-suizidbeihilfe\/<\/a><\/p>\n<p><strong>Impulsreferat anl\u00e4sslich der Enquete \u201eW\u00fcrde am Ende des Lebens\u201c im Parlament am 25. November 2014<\/strong><br \/>\nText: Mag. Marianne Karner. Datum: 25. November 2014.<br \/>\n<a href=\"https:\/\/www.bizeps.or.at\/impulsreferat-anlaesslich-der-enquete-wuerde-am-ende-des-lebens-im-parlament-am-25-november-2014\/\">https:\/\/www.bizeps.or.at\/impulsreferat-anlaesslich-der-enquete-wuerde-am-ende-des-lebens-im-parlament-am-25-november-2014\/<\/a><\/p>\n<p><strong>Belgien: Sterbehilfe f\u00fcr einen Sexualstraft\u00e4ter<\/strong><br \/>\nDenn wieder ist eine Schranke gefallen. Ein Kommentar.<br \/>\nText: Mag. Marianne Karner. Datum: 18. September 2014.<br \/>\n<a href=\"https:\/\/www.bizeps.or.at\/belgien-sterbehilfe-fuer-einen-sexualstraftaeter\/\">https:\/\/www.bizeps.or.at\/belgien-sterbehilfe-fuer-einen-sexualstraftaeter\/<\/a><\/p>\n<p><strong>\u201eW\u00fcrde am Ende des Lebens\u201c: Start der parlamentarischen ENQUETE-Kommission<\/strong><br \/>\nHeute (2. Juli 2014) findet im \u00d6sterreichischen Parlament eine Sitzung zur &#8220;Konstituierung&#8221; der ENQUETE-Kommission \u00fcber Sterbehilfe statt.<br \/>\nText: Mag. Marianne Karner. Datum: 2. Juli 2014.<br \/>\n<a href=\"https:\/\/www.bizeps.or.at\/wuerde-am-ende-des-lebens-start-der-parlamentarischen-enquete-kommission\/\">https:\/\/www.bizeps.or.at\/wuerde-am-ende-des-lebens-start-der-parlamentarischen-enquete-kommission\/<\/a><\/p>\n<p><strong>Sterbehilfe: Juristische Stimmen klar gegen ein Verfassungsverbot<br \/>\n<\/strong>Am 19. Mai 2014 fand in einem Rechtspanorama am Juridicum eine Podiumsdiskussion zum Thema &#8220;Sterbehilfe: Zu viel oder zu wenig verboten?&#8221; statt. Eine Zusammenfassung der Standpunkte, \u00fcber einen ungebetenen Zwischenruf und ein bitteres Ende.<br \/>\nText: Mag. Marianne Karner. Datum: 4. Juni 2014.<br \/>\n<a href=\"https:\/\/www.bizeps.or.at\/sterbehilfe-juristische-stimmen-klar-gegen-ein-verfassungsverbot\/\">https:\/\/www.bizeps.or.at\/sterbehilfe-juristische-stimmen-klar-gegen-ein-verfassungsverbot\/<br \/>\n<\/a><\/p>\n<p><strong>Andere T\u00f6ne zum Thema Sterben von \u201eHospiz \u00d6sterreich\u201c und \u201e\u00d6sterreichischer PalliativGesellschaft\u201c <\/strong>Unter dem Motto &#8220;\u0091Leben bis zuletzt\u0091: Zwischen Lebenswillen und Todeswunsch, zwischen Selbstbestimmung und F\u00fcrsorge&#8221; fand am 1. April 2014 im MuseumsQuartier Wien ein Pressegespr\u00e4ch mit anschlie\u00dfender sehr gut besuchter Enquete statt. Text: Mag. Marianne Karner. Datum: 3. April 2014.<a href=\"https:\/\/www.bizeps.or.at\/andere-toene-zum-thema-sterben-von-hospiz-oesterreich-und-oesterreichischer-palliativgesellschaft\/\"><br \/>\nhttps:\/\/www.bizeps.or.at\/andere-toene-zum-thema-sterben-von-hospiz-oesterreich-und-oesterreichischer-palliativgesellschaft\/<\/a><\/p>\n<p><strong>\u201eFreitod\u201c und \u201eSterbehilfe\u201c: Pers\u00f6nliche Betroffenheit<\/strong><br \/>\nWenn es ums Sterben und den Tod geht, sind wir naturgem\u00e4\u00df alle betroffen. Und wir trauern im Laufe unseres Lebens um verstorbene Verwandte und Freunde.<br \/>\nText: Mag. Marianne Karner. Datum: 11. M\u00e4rz 2014.<br \/>\n<a href=\"https:\/\/www.bizeps.or.at\/freitod-und-sterbehilfe-persoenliche-betroffenheit\/\">https:\/\/www.bizeps.or.at\/freitod-und-sterbehilfe-persoenliche-betroffenheit\/<\/a><\/p>\n<p><strong>\u201eFreitod\u201c und \u201eSterbehilfe\u201c: \u00d6ffentliche Diskurse<\/strong><br \/>\nAuf die \u00dcberlegung der beiden Regierungsparteien hin, ein &#8220;generelles Verbot der Sterbehilfe in der \u00d6sterreichischen Verfassung&#8221; zu verankern, folgten viele kritische Stimmen.<br \/>\nText: Mag. Marianne Karner. Datum: 10. M\u00e4rz 2014.<br \/>\n<a href=\"https:\/\/www.bizeps.or.at\/freitod-und-sterbehilfe-oeffentliche-diskurse\/\">https:\/\/www.bizeps.or.at\/freitod-und-sterbehilfe-oeffentliche-diskurse\/<\/a><\/p>\n<p><strong>Dauerthema Sterbe&#8221;hilfe&#8221; und kein Ende in Sicht<\/strong><br \/>\nDer Stein rollt. Die Sterbehilfe und der Niedergang des Humanen.<br \/>\nText: Mag. Marianne Karner. Datum: 10. Februar 2014.<br \/>\n<a href=\"http:\/\/www.bizeps.or.at\/news.php?nr=14733\">http:\/\/www.bizeps.or.at\/news.php?nr=14733<\/a><\/p>\n<p><strong>Zur aktuellen &#8220;Sterbehilfe&#8221;diskussion. Was in der Zeitung steht \u2026<\/strong><br \/>\nAlle Jahre wieder: Anfang November erinnern sich die Menschen an die lieben Verstorbenen und m\u00fcssen sich auch selbst (mehr oder weniger) mit der &#8220;unerfreulichen&#8221; Tatsache auseinandersetzen, dass auch sie sterblich sind.<br \/>\nText: Mag. Marianne Karner. Datum: 4. Dezember 2013.<br \/>\n<a href=\"http:\/\/www.bizeps.or.at\/news.php?nr=14595\">http:\/\/www.bizeps.or.at\/news.php?nr=14595<\/a><\/p>\n","protected":false},"excerpt":{"rendered":"<p>\u201eNebel im August\u201c. Eine Filmkritik. Am 6. Oktober 2016 startet ein neuer \u2013 beachtenswerter \u2013 Film in \u00d6sterreichs Kinos. Text: Mag. Marianne Karner. Datum: 6. Oktober 2016. https:\/\/www.bizeps.or.at\/nebel-im-august-eine-filmkritik\/ Film \u201eEin ganzes halbes Jahr\u201c \u2013&#46;&#46;&#46;<\/p>\n","protected":false},"author":1,"featured_media":0,"parent":2,"menu_order":2,"comment_status":"closed","ping_status":"open","template":"","meta":[],"_links":{"self":[{"href":"https:\/\/www.uebersleben.net\/index.php?rest_route=\/wp\/v2\/pages\/41"}],"collection":[{"href":"https:\/\/www.uebersleben.net\/index.php?rest_route=\/wp\/v2\/pages"}],"about":[{"href":"https:\/\/www.uebersleben.net\/index.php?rest_route=\/wp\/v2\/types\/page"}],"author":[{"embeddable":true,"href":"https:\/\/www.uebersleben.net\/index.php?rest_route=\/wp\/v2\/users\/1"}],"replies":[{"embeddable":true,"href":"https:\/\/www.uebersleben.net\/index.php?rest_route=%2Fwp%2Fv2%2Fcomments&post=41"}],"version-history":[{"count":16,"href":"https:\/\/www.uebersleben.net\/index.php?rest_route=\/wp\/v2\/pages\/41\/revisions"}],"predecessor-version":[{"id":196,"href":"https:\/\/www.uebersleben.net\/index.php?rest_route=\/wp\/v2\/pages\/41\/revisions\/196"}],"up":[{"embeddable":true,"href":"https:\/\/www.uebersleben.net\/index.php?rest_route=\/wp\/v2\/pages\/2"}],"wp:attachment":[{"href":"https:\/\/www.uebersleben.net\/index.php?rest_route=%2Fwp%2Fv2%2Fmedia&parent=41"}],"curies":[{"name":"wp","href":"https:\/\/api.w.org\/{rel}","templated":true}]}}