{"id":73,"date":"2014-02-25T22:55:10","date_gmt":"2014-02-25T22:55:10","guid":{"rendered":"http:\/\/www.uebersleben.net\/?page_id=73"},"modified":"2016-08-08T22:53:49","modified_gmt":"2016-08-08T22:53:49","slug":"kontakt","status":"publish","type":"page","link":"https:\/\/www.uebersleben.net\/?page_id=73","title":{"rendered":"Kontakt"},"content":{"rendered":"<p>Diese Seite ist neu und befindet sich im Aufbau. Ich freue mich \u00fcber Ihre Infos, Tipps, Kontaktaufnahme.<\/p>\n<p>Wenn Sie mit mir in Kontakt treten m\u00f6chten, verwenden Sie bitte die unten stehende Email-Adresse. Diese ist nicht anklickbar, sondern muss bitte ins Empf\u00e4ngerfeld h\u00e4ndisch eingegeben werden. Ich antworte im Rahmen meiner M\u00f6glichkeiten so rasch wie m\u00f6glich:<\/p>\n<p><img loading=\"lazy\" class=\"alignnone size-full wp-image-29\" style=\"line-height: 1.5em;\" alt=\"email\" src=\"http:\/\/www.uebersleben.net\/wp-content\/uploads\/2014\/02\/email.jpg\" width=\"253\" height=\"25\" \/><\/p>\n<p><a class=\"twitter-follow-button\" href=\"https:\/\/twitter.com\/uebersleben\" data-show-count=\"false\" data-size=\"large\">Follow @uebersleben<\/a><br \/>\n<script type=\"text\/javascript\">\/\/ <![CDATA[\n!function(d,s,id){var js,fjs=d.getElementsByTagName(s)[0],p=\/^http:\/.test(d.location)?'http':'https';if(!d.getElementById(id)){js=d.createElement(s);js.id=id;js.src=p+':\/\/platform.twitter.com\/widgets.js';fjs.parentNode.insertBefore(js,fjs);}}(document, 'script', 'twitter-wjs');\n\/\/ ]]><\/script><\/p>\n<p>Wichtiger Hinweis:<\/p>\n<p>Diese Seite ist kein Bestandteil oder Ersatz f\u00fcr eventuell notwendige \u00e4rztliche und\/oder therapeutische Behandlungen und Interventionen. In einer akuten Krise wenden Sie sich bitte zum Beispiel an die Telefonseelsorge (kostenloser Notruf 142, keine Vorwahl, 24 Stunden, Verschwiegenheit). Dazu und weitere wichtige Telefonnummern auf:\u00a0<a href=\"http:\/\/www.telefonseelsorge.at\/wien\/\">http:\/\/www.telefonseelsorge.at\/wien\/<\/a><\/p>\n<p>&nbsp;<\/p>\n","protected":false},"excerpt":{"rendered":"<p>Diese Seite ist neu und befindet sich im Aufbau. Ich freue mich \u00fcber Ihre Infos, Tipps, Kontaktaufnahme. Wenn Sie mit mir in Kontakt treten m\u00f6chten, verwenden Sie bitte die unten stehende Email-Adresse. Diese ist&#46;&#46;&#46;<\/p>\n","protected":false},"author":1,"featured_media":0,"parent":2,"menu_order":0,"comment_status":"closed","ping_status":"open","template":"","meta":[],"_links":{"self":[{"href":"https:\/\/www.uebersleben.net\/index.php?rest_route=\/wp\/v2\/pages\/73"}],"collection":[{"href":"https:\/\/www.uebersleben.net\/index.php?rest_route=\/wp\/v2\/pages"}],"about":[{"href":"https:\/\/www.uebersleben.net\/index.php?rest_route=\/wp\/v2\/types\/page"}],"author":[{"embeddable":true,"href":"https:\/\/www.uebersleben.net\/index.php?rest_route=\/wp\/v2\/users\/1"}],"replies":[{"embeddable":true,"href":"https:\/\/www.uebersleben.net\/index.php?rest_route=%2Fwp%2Fv2%2Fcomments&post=73"}],"version-history":[{"count":5,"href":"https:\/\/www.uebersleben.net\/index.php?rest_route=\/wp\/v2\/pages\/73\/revisions"}],"predecessor-version":[{"id":175,"href":"https:\/\/www.uebersleben.net\/index.php?rest_route=\/wp\/v2\/pages\/73\/revisions\/175"}],"up":[{"embeddable":true,"href":"https:\/\/www.uebersleben.net\/index.php?rest_route=\/wp\/v2\/pages\/2"}],"wp:attachment":[{"href":"https:\/\/www.uebersleben.net\/index.php?rest_route=%2Fwp%2Fv2%2Fmedia&parent=73"}],"curies":[{"name":"wp","href":"https:\/\/api.w.org\/{rel}","templated":true}]}}